{"id":2878,"date":"2025-12-08T08:14:18","date_gmt":"2025-12-08T13:14:18","guid":{"rendered":"https:\/\/www.domainedes15lots.com\/?post_type=product&#038;p=2878"},"modified":"2025-12-08T12:24:25","modified_gmt":"2025-12-08T17:24:25","slug":"sucre-a-la-creme-a-lerable-meilleur-que-celui-de-ta-grand-mere","status":"publish","type":"product","link":"https:\/\/www.domainedes15lots.com\/en\/product\/sucre-a-la-creme-a-lerable-meilleur-que-celui-de-ta-grand-mere\/","title":{"rendered":"Sucre \u00e0 la cr\u00e8me \u00e0 l\u2019\u00e9rable (Meilleur que celui de ta grand-m\u00e8re)"},"content":{"rendered":"<p>D\u00e9couvrez notre classique sucre \u00e0 la cr\u00e8me \u00e0 l&#8217;\u00e9rable, une gourmandise fondante qui \u00e9voque les traditions d&#8217;antan avec son go\u00fbt riche et r\u00e9confortant. Chaque bouch\u00e9e est un pur d\u00e9lice, fait avec du vrai sirop d&#8217;\u00e9rable, pour une douceur incomparable qui vous transportera directement \u00e0 la cabane \u00e0 sucre.<\/p>\n<p>Ingr\u00e9dients: Sucre d\u2019\u00e9rable et cr\u00e8me<\/p>\n<p>&nbsp;<\/p>\n","protected":false},"excerpt":{"rendered":"<p>D\u00e9couvrez notre classique sucre \u00e0 la cr\u00e8me \u00e0 l&#8217;\u00e9rable, une gourmandise fondante qui \u00e9voque les traditions d&#8217;antan avec son go\u00fbt riche et r\u00e9confortant. Chaque bouch\u00e9e est un pur d\u00e9lice, fait avec du vrai sirop d&#8217;\u00e9rable, pour une douceur incomparable qui vous transportera directement \u00e0 la cabane \u00e0 sucre. Ingr\u00e9dients: Sucre d\u2019\u00e9rable et cr\u00e8me &nbsp;<\/p>\n","protected":false},"featured_media":3368,"comment_status":"closed","ping_status":"closed","template":"","meta":[],"product_brand":[],"product_cat":[63],"product_tag":[],"giftcard-category":[],"class_list":{"0":"post-2878","1":"product","2":"type-product","3":"status-publish","4":"has-post-thumbnail","6":"product_cat-patisseries-a-lerable","7":"product_shipping_class-patisseries","9":"first","10":"instock","11":"taxable","12":"shipping-taxable","13":"purchasable","14":"product-type-simple"},"_links":{"self":[{"href":"https:\/\/www.domainedes15lots.com\/en\/wp-json\/wp\/v2\/product\/2878","targetHints":{"allow":["GET"]}}],"collection":[{"href":"https:\/\/www.domainedes15lots.com\/en\/wp-json\/wp\/v2\/product"}],"about":[{"href":"https:\/\/www.domainedes15lots.com\/en\/wp-json\/wp\/v2\/types\/product"}],"replies":[{"embeddable":true,"href":"https:\/\/www.domainedes15lots.com\/en\/wp-json\/wp\/v2\/comments?post=2878"}],"wp:featuredmedia":[{"embeddable":true,"href":"https:\/\/www.domainedes15lots.com\/en\/wp-json\/wp\/v2\/media\/3368"}],"wp:attachment":[{"href":"https:\/\/www.domainedes15lots.com\/en\/wp-json\/wp\/v2\/media?parent=2878"}],"wp:term":[{"taxonomy":"product_brand","embeddable":true,"href":"https:\/\/www.domainedes15lots.com\/en\/wp-json\/wp\/v2\/product_brand?post=2878"},{"taxonomy":"product_cat","embeddable":true,"href":"https:\/\/www.domainedes15lots.com\/en\/wp-json\/wp\/v2\/product_cat?post=2878"},{"taxonomy":"product_tag","embeddable":true,"href":"https:\/\/www.domainedes15lots.com\/en\/wp-json\/wp\/v2\/product_tag?post=2878"},{"taxonomy":"giftcard-category","embeddable":true,"href":"https:\/\/www.domainedes15lots.com\/en\/wp-json\/wp\/v2\/giftcard-category?post=2878"}],"curies":[{"name":"wp","href":"https:\/\/api.w.org\/{rel}","templated":true}]}}