{"id":2792,"date":"2025-03-05T15:07:54","date_gmt":"2025-03-05T20:07:54","guid":{"rendered":"https:\/\/www.domainedes15lots.com\/?post_type=product&#038;p=2792"},"modified":"2025-12-18T16:00:40","modified_gmt":"2025-12-18T21:00:40","slug":"maple-fondants","status":"publish","type":"product","link":"https:\/\/www.domainedes15lots.com\/en\/product\/maple-fondants\/","title":{"rendered":"Maple fondants"},"content":{"rendered":"<p>Ce bonbon d&#8217;\u00e9rable fondant est fait \u00e0 100% de sirop d&#8217;\u00e9rable dor\u00e9. Ils sont fait par nos amis et voisins, les Produits de l&#8217;\u00e9rable St-Ferdinand B. Cette bo\u00eete de 5 fondants d&#8217;\u00e9rable se glisse tr\u00e8s bien dans votre sac ou dans vos bagages et seront tr\u00e8s appr\u00e9ci\u00e9s en cadeau ou pour une pause sucr\u00e9e.<\/p>\n","protected":false},"excerpt":{"rendered":"<p>Ce bonbon d&#8217;\u00e9rable fondant est fait \u00e0 100% de sirop d&#8217;\u00e9rable dor\u00e9. Ils sont fait par nos amis et voisins, les Produits de l&#8217;\u00e9rable St-Ferdinand B. Cette bo\u00eete de 5 fondants d&#8217;\u00e9rable se glisse tr\u00e8s bien dans votre sac ou dans vos bagages et seront tr\u00e8s appr\u00e9ci\u00e9s en cadeau ou pour une pause sucr\u00e9e.<\/p>\n","protected":false},"featured_media":2805,"comment_status":"closed","ping_status":"closed","template":"","meta":[],"product_brand":[],"product_cat":[57],"product_tag":[],"giftcard-category":[],"class_list":{"0":"post-2792","1":"product","2":"type-product","3":"status-publish","4":"has-post-thumbnail","6":"product_cat-our-friends","8":"first","9":"instock","10":"taxable","11":"shipping-taxable","12":"purchasable","13":"product-type-simple"},"_links":{"self":[{"href":"https:\/\/www.domainedes15lots.com\/en\/wp-json\/wp\/v2\/product\/2792","targetHints":{"allow":["GET"]}}],"collection":[{"href":"https:\/\/www.domainedes15lots.com\/en\/wp-json\/wp\/v2\/product"}],"about":[{"href":"https:\/\/www.domainedes15lots.com\/en\/wp-json\/wp\/v2\/types\/product"}],"replies":[{"embeddable":true,"href":"https:\/\/www.domainedes15lots.com\/en\/wp-json\/wp\/v2\/comments?post=2792"}],"wp:featuredmedia":[{"embeddable":true,"href":"https:\/\/www.domainedes15lots.com\/en\/wp-json\/wp\/v2\/media\/2805"}],"wp:attachment":[{"href":"https:\/\/www.domainedes15lots.com\/en\/wp-json\/wp\/v2\/media?parent=2792"}],"wp:term":[{"taxonomy":"product_brand","embeddable":true,"href":"https:\/\/www.domainedes15lots.com\/en\/wp-json\/wp\/v2\/product_brand?post=2792"},{"taxonomy":"product_cat","embeddable":true,"href":"https:\/\/www.domainedes15lots.com\/en\/wp-json\/wp\/v2\/product_cat?post=2792"},{"taxonomy":"product_tag","embeddable":true,"href":"https:\/\/www.domainedes15lots.com\/en\/wp-json\/wp\/v2\/product_tag?post=2792"},{"taxonomy":"giftcard-category","embeddable":true,"href":"https:\/\/www.domainedes15lots.com\/en\/wp-json\/wp\/v2\/giftcard-category?post=2792"}],"curies":[{"name":"wp","href":"https:\/\/api.w.org\/{rel}","templated":true}]}}